{"id":2444,"date":"2025-08-28T14:41:23","date_gmt":"2025-08-28T12:41:23","guid":{"rendered":"https:\/\/movo.local\/?page_id=2444"},"modified":"2025-10-20T12:41:59","modified_gmt":"2025-10-20T10:41:59","slug":"privacy-and-cookies","status":"publish","type":"page","link":"https:\/\/www.movo.si\/en\/privacy-and-cookies\/","title":{"rendered":"Privacy and cookies"},"content":{"rendered":"<h2 class=\"wp-block-heading\">What Are Cookies?<\/h2>\n\n\n\n<p>Cookies are small text files sent by a server to your browser, which the website then stores on your computer, mobile device, or tablet.&nbsp;<\/p>\n\n\n\n<h2 class=\"wp-block-heading\">How to Control the Use of Cookies<\/h2>\n\n\n\n<p>You can delete all cookies already stored on your device. Most browsers also allow you to block the installation of cookies. In that case, you may need to manually adjust some settings each time you visit a website, and some services or functionalities may not work properly. More information:<strong><\/strong><\/p>\n\n\n\n<p>\u2022&nbsp;&nbsp;&nbsp;&nbsp;&nbsp;&nbsp;&nbsp;&nbsp;&nbsp;&nbsp;<a href=\"https:\/\/support.microsoft.com\/en-gb\/help\/17442\/windows-internet-explorer-delete-manage-cookies\" target=\"_blank\" rel=\"noreferrer noopener\">Microsoft Internet Explorer<\/a><strong><\/strong><\/p>\n\n\n\n<p>\u2022&nbsp;&nbsp;&nbsp;&nbsp;&nbsp;&nbsp;&nbsp;&nbsp;&nbsp;&nbsp;<a href=\"http:\/\/support.mozilla.org\/en-US\/kb\/cookies-information-websites-store-on-your-computer?redirectlocale=en-US&amp;redirectslug=Cookies\" target=\"_blank\" rel=\"noreferrer noopener\">Mozilla Firefox<\/a><strong><\/strong><\/p>\n\n\n\n<p>\u2022&nbsp;&nbsp;&nbsp;&nbsp;&nbsp;&nbsp;&nbsp;&nbsp;&nbsp;&nbsp;<a href=\"http:\/\/support.google.com\/chrome\/bin\/answer.py?hl=en&amp;answer=95647\" target=\"_blank\" rel=\"noreferrer noopener\">Google Chrome<\/a><strong><\/strong><\/p>\n\n\n\n<p>\u2022&nbsp;&nbsp;&nbsp;&nbsp;&nbsp;&nbsp;&nbsp;&nbsp;&nbsp;&nbsp;<a href=\"https:\/\/support.apple.com\/kb\/ph21411?locale=en_US\" target=\"_blank\" rel=\"noreferrer noopener\">Apple Safari<\/a><strong><\/strong><\/p>\n\n\n\n<p>\u2022&nbsp;&nbsp;&nbsp;&nbsp;&nbsp;&nbsp;&nbsp;&nbsp;&nbsp;&nbsp;<a href=\"http:\/\/support.google.com\/chrome\/bin\/answer.py?hl=en&amp;answer=95647\" target=\"_blank\" rel=\"noreferrer noopener\">Google Android<\/a><strong><\/strong><\/p>\n\n\n\n<h2 class=\"wp-block-heading\">Cookie Information \u2013 MOVO.SI<\/h2>\n\n\n\n<h4 class=\"wp-block-heading\">Required<\/h4>\n\n\n\n<p>Required cookies make the website usable by enabling basic functions, such as navigation. Without these cookies, the website cannot function properly.<\/p>\n\n\n\n<figure class=\"wp-block-table\"><table class=\"has-fixed-layout\"><tbody><tr><th>Name<\/th><th>Provider<\/th><th>Function<\/th><th>Expiry<\/th><th>Type<\/th><\/tr><tr><td>Cookie Consent<\/td><td>movo.si<\/td><td>Shrani soglasje uporabnika za dolo\u010deno domeno.<\/td><td>1 leto<\/td><td>HTTP Cookie<\/td><\/tr><tr><td>cookie_consent_level<\/td><td>movo.si<\/td><td>Stran uporablja pi\u0161kotek za pomnjenje nastavitev pi\u0161kotkov.<\/td><td>2 leti<\/td><td>HTTP Cookie<\/td><\/tr><tr><td>CMSSESSID<\/td><td>movo.si<\/td><td>Identificira obiskovalca spletne strani in mu zagotavlja osnovne funkcije spletne strani.<\/td><td>Seja<\/td><td>HTTP Cookie<\/td><\/tr><\/tbody><\/table><\/figure>\n\n\n\n<h4 class=\"wp-block-heading\">Statistics<\/h4>\n\n\n\n<p>Statistics cookies help website administrators understand how visitors interact with the website by collecting information anonymously.<\/p>\n\n\n\n<figure class=\"wp-block-table\"><table class=\"has-fixed-layout\"><tbody><tr><th>Name<\/th><th>Provider<\/th><th>Function<\/th><th>Expiry<\/th><th>Type<\/th><\/tr><tr><td>_ga<\/td><td>movo.si<\/td><td>Uporablja se za razlikovanje uporabnikov.<\/td><td>2 leti<\/td><td>HTTP Cookie<\/td><\/tr><tr><td>_gat<\/td><td>movo.si<\/td><td>Uporablja ga Google Analytics za omejevanje frekvence zahtevkov.<\/td><td>Seja<\/td><td>HTTP Cookie<\/td><\/tr><tr><td>_gid<\/td><td>movo.si<\/td><td>Uporablja se za razlikovanje uporabnikov.<\/td><td>Seja<\/td><td>HTTP Cookie<\/td><\/tr><tr><td>collect<\/td><td>google-analytics.com<\/td><td>Uporablja se za po\u0161iljanje informacij Google Analytics o napravi in obna\u0161anju uporabnika. Ve\u010d informacij o politiki zasebnosti Google Analytics. Pi\u0161kotke Google Analytics lahko onemogo\u010dite z dodatnim modulom.<\/td><td>Seja<\/td><td>Pixel Tracker<\/td><\/tr><tr><td>__utma<\/td><td>google-analytics.com<\/td><td>Uporabljen je za razlikovanje med uporabnikom in sejo. Pi\u0161kotek je ustvarjen med izvajanjem javascript knji\u017enice, ko ni obstoje\u010dih __ utma pi\u0161kotkov v obstoju. Pi\u0161kotek je posodobljen vsaki\u010d, ko so podatki poslani Google Analytics.<\/td><td>2 leti<\/td><td>HTTP Cookie<\/td><\/tr><tr><td>__utmb &amp; __utmc<\/td><td>google-analytics.com<\/td><td>Pi\u0161kotek je ustvarjen med izvajanjem javascript knji\u017enice, ko ni obstoje\u010dih __utmb ali __utmc pi\u0161kotkov v obstoju. Pi\u0161kotek je posodobljen vsaki\u010d, ko so podatki poslani Google Analytics.<\/td><td>30 min<\/td><td>HTTP Cookie<\/td><\/tr><tr><td>__utmz<\/td><td>google-analytics.com<\/td><td>Shranjuje vir prometa ali ogla\u0161evalsko akcijo, ki opredeljuje kako je uporabnik pri\u0161el na stran. Pi\u0161kotek je posodobljen vsaki\u010d, ko so podatki poslani Google Analytics.<\/td><td>6 mesecev<\/td><td>HTTP Cookie<\/td><\/tr><tr><td>__utmv<\/td><td>google-analytics.com<\/td><td>Uporabljen za shranjevanje variabilnih podatkov na ravni obiskovalca. Pi\u0161kotek je ustvarjen, \u010de razvijalec uporabi _setCustomVar metodo z poljubno variablo na ravni obiskovalca. Pi\u0161kotek je tudi uporabljen pri _setVar metodi. Pi\u0161kotek je posodobljen vsaki\u010d, ko so podatki poslani Google Analytics.<\/td><td>2 leti<\/td><td>HTTP Cookie<\/td><\/tr><\/tbody><\/table><\/figure>","protected":false},"excerpt":{"rendered":"<p>Kaj so pi\u0161kotki? Pi\u0161kotki so majhne datoteke z besedilom, ki jih stre\u017enik po\u0161lje brskalniku, spletne strani pa jih shranijo na uporabnikovem ra\u010dunalniku, mobilni napravi ali tablici.&nbsp; Kako nadzorovati uporabo pi\u0161kotkov Izbri\u0161ete lahko vse pi\u0161kotke, ki so \u017ee na va\u0161em ra\u010dunalniku. Ve\u010dino brskalnikov lahko nastavite tudi tako, da prepre\u010dijo njihovo namestitev. V tem primeru boste morda [&hellip;]<\/p>","protected":false},"author":4,"featured_media":2578,"parent":0,"menu_order":0,"comment_status":"closed","ping_status":"closed","template":"","meta":{"footnotes":""},"class_list":["post-2444","page","type-page","status-publish","has-post-thumbnail","hentry"],"acpt":{"meta":[]},"_links":{"self":[{"href":"https:\/\/www.movo.si\/en\/wp-json\/wp\/v2\/pages\/2444","targetHints":{"allow":["GET"]}}],"collection":[{"href":"https:\/\/www.movo.si\/en\/wp-json\/wp\/v2\/pages"}],"about":[{"href":"https:\/\/www.movo.si\/en\/wp-json\/wp\/v2\/types\/page"}],"author":[{"embeddable":true,"href":"https:\/\/www.movo.si\/en\/wp-json\/wp\/v2\/users\/4"}],"replies":[{"embeddable":true,"href":"https:\/\/www.movo.si\/en\/wp-json\/wp\/v2\/comments?post=2444"}],"version-history":[{"count":6,"href":"https:\/\/www.movo.si\/en\/wp-json\/wp\/v2\/pages\/2444\/revisions"}],"predecessor-version":[{"id":4600,"href":"https:\/\/www.movo.si\/en\/wp-json\/wp\/v2\/pages\/2444\/revisions\/4600"}],"wp:featuredmedia":[{"embeddable":true,"href":"https:\/\/www.movo.si\/en\/wp-json\/wp\/v2\/media\/2578"}],"wp:attachment":[{"href":"https:\/\/www.movo.si\/en\/wp-json\/wp\/v2\/media?parent=2444"}],"curies":[{"name":"wp","href":"https:\/\/api.w.org\/{rel}","templated":true}]}}